{"id":1367,"date":"2024-06-26T19:01:15","date_gmt":"2024-06-26T17:01:15","guid":{"rendered":"https:\/\/www.ste-isolation.com\/?page_id=1367"},"modified":"2024-06-28T12:10:59","modified_gmt":"2024-06-28T10:10:59","slug":"faq","status":"publish","type":"page","link":"https:\/\/www.ste-isolation.com\/index.php\/faq\/","title":{"rendered":"FAQ"},"content":{"rendered":"<div class=\"wpb-content-wrapper\"><p>[vc_row css=\u00a0\u00bb.vc_custom_1497501529925{padding-top: 80px !important;padding-bottom: 80px !important;}\u00a0\u00bb][vc_column]\n    <h1 class=\"text-center\" >LES QUESTIONS LES PLUS POS\u00c9ES PAR NOS CLIENTS<\/h1>\n    \t    <div class=\"wprt-lines style-2 custom-1\">\n\t        <div class=\"line-1\"><\/div>\n\t    <\/div>\n    \n        \t\n[vc_empty_space height=\u00a0\u00bb82px\u00a0\u00bb]\n    <h2 class=\"text-left\" >FAQ pour les travaux de fa\u00e7ade<\/h2>\n    \n        \t\n[vc_empty_space][\/vc_column][vc_column][vc_tta_accordion style=\u00a0\u00bbflat\u00a0\u00bb shape=\u00a0\u00bbsquare\u00a0\u00bb gap=\u00a0\u00bb5&Prime; c_icon=\u00a0\u00bb\u00a0\u00bb active_section=\u00a0\u00bb0&Prime; no_fill=\u00a0\u00bbtrue\u00a0\u00bb collapsible_all=\u00a0\u00bbtrue\u00a0\u00bb][vc_tta_section title=\u00a0\u00bbPourquoi choisir STE pour la r\u00e9novation de ma fa\u00e7ade ?\u00a0\u00bb tab_id=\u00a0\u00bb1719424036706-e6c0f136-bdaa\u00a0\u00bb][vc_column_text css=\u00a0\u00bb\u00a0\u00bb]<span style=\"font-size: 18px;\">STE se sp\u00e9cialise dans la r\u00e9novation de fa\u00e7ades, offrant une expertise reconnue et des solutions sur mesure adapt\u00e9es \u00e0 chaque type d\u2019habitation. Nous combinons esth\u00e9tique et performance \u00e9nerg\u00e9tique pour des r\u00e9sultats durables.<\/span>[\/vc_column_text][\/vc_tta_section][vc_tta_section title=\u00a0\u00bbQuelles sont les avantages de l\u2019isolation thermique par l\u2019ext\u00e9rieur (ITE) propos\u00e9e par STE ?\u00a0\u00bb tab_id=\u00a0\u00bb1719424036707-1874bf17-1e96&Prime;][vc_column_text css=\u00a0\u00bb\u00a0\u00bb]<\/p>\n<div>\n<div>\n<p><span style=\"font-size: 18px;\">L\u2019ITE propos\u00e9e par STE am\u00e9liore l\u2019efficacit\u00e9 \u00e9nerg\u00e9tique de votre maison en r\u00e9duisant les pertes de chaleur et en am\u00e9liorant le confort thermique. Elle pr\u00e9serve \u00e9galement l\u2019int\u00e9grit\u00e9 architecturale de votre fa\u00e7ade en conservant ses d\u00e9tails d\u2019origine.<\/span><\/p>\n<\/div>\n<div><\/div>\n<\/div>\n<p>[\/vc_column_text][\/vc_tta_section][vc_tta_section title=\u00a0\u00bbComment savoir si ma fa\u00e7ade a besoin d\u2019une r\u00e9novation ?\u00a0\u00bb tab_id=\u00a0\u00bb1719424036709-c4850ab0-ada6&Prime;][vc_column_text css=\u00a0\u00bb\u00a0\u00bb]<span style=\"font-size: 18px;\">Les signes courants incluent des fissures, des d\u00e9collements de peinture, des taches d\u2019humidit\u00e9 ou des moisissures. Si vous remarquez ces sympt\u00f4mes, il est recommand\u00e9 de faire inspecter votre fa\u00e7ade par des professionnels pour \u00e9valuer l\u2019\u00e9tendue des travaux n\u00e9cessaires.<\/span>[\/vc_column_text][vc_widget_sidebar][\/vc_tta_section][\/vc_tta_accordion][vc_tta_accordion style=\u00a0\u00bbflat\u00a0\u00bb shape=\u00a0\u00bbsquare\u00a0\u00bb gap=\u00a0\u00bb10&Prime; c_icon=\u00a0\u00bb\u00a0\u00bb active_section=\u00a0\u00bb0&Prime; no_fill=\u00a0\u00bbtrue\u00a0\u00bb collapsible_all=\u00a0\u00bbtrue\u00a0\u00bb][vc_tta_section title=\u00a0\u00bbQuel est le processus de r\u00e9novation d\u2019une fa\u00e7ade avec STE ?\u00a0\u00bb tab_id=\u00a0\u00bb1719424378256-7f6575da-7e98&Prime;][vc_column_text css=\u00a0\u00bb\u00a0\u00bb]<span style=\"font-size: 18px;\">Le processus commence par une \u00e9valuation approfondie de l\u2019\u00e9tat de votre fa\u00e7ade. Ensuite, nous proposons des solutions adapt\u00e9es, comme l\u2019ITE ou le retraitement de la fa\u00e7ade pour les b\u00e2timents class\u00e9s. Nous vous guidons \u00e0 chaque \u00e9tape, de la planification \u00e0 l\u2019ex\u00e9cution des travaux.<\/span>[\/vc_column_text][\/vc_tta_section][vc_tta_section title=\u00a0\u00bbPuis-je visiter un chantier r\u00e9cent r\u00e9alis\u00e9 par STE avant de prendre ma d\u00e9cision ?\u00a0\u00bb tab_id=\u00a0\u00bb1719424378257-7e8996ef-0edf\u00a0\u00bb][vc_column_text css=\u00a0\u00bb\u00a0\u00bb]<\/p>\n<div>\n<div>\n<p><span style=\"font-size: 18px;\">Oui, nous encourageons nos clients potentiels \u00e0 visiter nos chantiers r\u00e9cents. Cela vous permet de voir notre travail de pr\u00e8s et de discuter avec nos clients satisfaits. Contactez-nous pour organiser une visite et obtenir plus d\u2019informations sur nos r\u00e9alisations en mati\u00e8re de r\u00e9novation de fa\u00e7ade.<\/span><\/p>\n<\/div>\n<div><\/div>\n<\/div>\n<p>[\/vc_column_text][\/vc_tta_section][\/vc_tta_accordion][vc_empty_space]\n    <h2 class=\"text-left\" >FAQ pour les travaux de toiture<\/h2>\n    \n        \t\n[vc_empty_space][\/vc_column][vc_column][vc_tta_accordion style=\u00a0\u00bbflat\u00a0\u00bb shape=\u00a0\u00bbsquare\u00a0\u00bb gap=\u00a0\u00bb10&Prime; c_icon=\u00a0\u00bb\u00a0\u00bb active_section=\u00a0\u00bb0&Prime; no_fill=\u00a0\u00bbtrue\u00a0\u00bb collapsible_all=\u00a0\u00bbtrue\u00a0\u00bb][vc_tta_section title=\u00a0\u00bbQuels sont les signes indiquant que mon toit a besoin de r\u00e9parations ?\u00a0\u00bb tab_id=\u00a0\u00bb1719437802649-77c6dc73-f84c\u00a0\u00bb][vc_column_text css=\u00a0\u00bb\u00a0\u00bb]<span style=\"font-size: 18px;\">Les signes courants de probl\u00e8mes de toiture incluent des fuites d\u2019eau, des tuiles ou des ardoises manquantes ou endommag\u00e9es, des traces d\u2019humidit\u00e9 ou de moisissures dans les combles, et une d\u00e9gradation visible des mat\u00e9riaux de couverture. Si vous observez l\u2019un de ces signes, il est conseill\u00e9 de faire inspecter votre toit par un professionnel.<\/span>[\/vc_column_text][\/vc_tta_section][vc_tta_section title=\u00a0\u00bbCombien de temps dure la r\u00e9paration ou le remplacement d\u2019une toiture ?\u00a0\u00bb tab_id=\u00a0\u00bb1719437802653-0a5acf8d-31fe\u00a0\u00bb][vc_column_text css=\u00a0\u00bb\u00a0\u00bb]<\/p>\n<div>\n<div>\n<p><span style=\"font-size: 18px;\">La dur\u00e9e des travaux de toiture d\u00e9pend de plusieurs facteurs, tels que la taille du toit, le type de mat\u00e9riaux utilis\u00e9s et l\u2019ampleur des r\u00e9parations n\u00e9cessaires. En g\u00e9n\u00e9ral, les r\u00e9parations mineures peuvent \u00eatre achev\u00e9es en quelques jours, tandis qu\u2019un remplacement complet peut prendre de une \u00e0 deux semaines.<\/span><\/p>\n<\/div>\n<div><\/div>\n<\/div>\n<p>[\/vc_column_text][\/vc_tta_section][vc_tta_section title=\u00a0\u00bbQuels mat\u00e9riaux sont les plus durables pour une toiture ?\u00a0\u00bb tab_id=\u00a0\u00bb1719437802654-0febea08-20d9&Prime;][vc_column_text css=\u00a0\u00bb\u00a0\u00bb]<span style=\"font-size: 18px;\">Les mat\u00e9riaux les plus durables pour une toiture incluent les tuiles en terre cuite, les ardoises naturelles, le zinc et les toits m\u00e9talliques. Chaque mat\u00e9riau a ses avantages sp\u00e9cifiques en termes de durabilit\u00e9, de r\u00e9sistance aux intemp\u00e9ries et de maintenance. Nous pouvons vous aider \u00e0 choisir le mat\u00e9riau le mieux adapt\u00e9 \u00e0 vos besoins et \u00e0 votre budget.<\/span>[\/vc_column_text][\/vc_tta_section][\/vc_tta_accordion][vc_tta_accordion style=\u00a0\u00bbflat\u00a0\u00bb shape=\u00a0\u00bbsquare\u00a0\u00bb gap=\u00a0\u00bb10&Prime; c_icon=\u00a0\u00bb\u00a0\u00bb active_section=\u00a0\u00bb0&Prime; no_fill=\u00a0\u00bbtrue\u00a0\u00bb collapsible_all=\u00a0\u00bbtrue\u00a0\u00bb][vc_tta_section title=\u00a0\u00bbQuelles sont les \u00e9tapes d\u2019un remplacement de toiture ?\u00a0\u00bb tab_id=\u00a0\u00bb1719437802656-c6c30486-9a44&Prime;][vc_column_text css=\u00a0\u00bb\u00a0\u00bb]<span style=\"font-size: 18px;\">Les \u00e9tapes d\u2019un remplacement de toiture comprennent l\u2019inspection initiale, le retrait de l\u2019ancienne toiture, la r\u00e9paration ou le remplacement de la charpente si n\u00e9cessaire, la pose de la nouvelle couverture, et une inspection finale pour s\u2019assurer que tout est correctement install\u00e9. Nous vous accompagnons \u00e0 chaque \u00e9tape pour garantir un travail de qualit\u00e9.<\/span>[\/vc_column_text][\/vc_tta_section][vc_tta_section title=\u00a0\u00bbComment puis-je financer mes travaux de toiture ?\u00a0\u00bb tab_id=\u00a0\u00bb1719437802658-27d002a4-a795&Prime;][vc_column_text css=\u00a0\u00bb\u00a0\u00bb]<\/p>\n<div>\n<div>\n<p><span style=\"font-size: 18px;\">Il existe plusieurs options pour financer vos travaux de toiture, notamment les pr\u00eats \u00e0 taux z\u00e9ro, les subventions gouvernementales comme MA PRIME RENOV, et d\u2019autres aides financi\u00e8res locales. Nous pouvons vous conseiller sur les meilleures options de financement disponibles et vous aider \u00e0 effectuer les d\u00e9marches n\u00e9cessaires pour obtenir ces aides.<\/span><\/p>\n<\/div>\n<div><\/div>\n<\/div>\n<p>[\/vc_column_text][\/vc_tta_section][\/vc_tta_accordion][vc_empty_space]\n    <h2 class=\"text-left\" >FAQ pour les travaux d'int\u00e9rieur<\/h2>\n    \n        \t\n[vc_empty_space][\/vc_column][vc_column][vc_tta_accordion style=\u00a0\u00bbflat\u00a0\u00bb shape=\u00a0\u00bbsquare\u00a0\u00bb gap=\u00a0\u00bb10&Prime; c_icon=\u00a0\u00bb\u00a0\u00bb active_section=\u00a0\u00bb0&Prime; no_fill=\u00a0\u00bbtrue\u00a0\u00bb collapsible_all=\u00a0\u00bbtrue\u00a0\u00bb][vc_tta_section title=\u00a0\u00bbQuels sont les principaux avantages de la r\u00e9novation int\u00e9rieure de ma maison ?\u00a0\u00bb tab_id=\u00a0\u00bb1719438568129-b29cc0f9-d0ef\u00a0\u00bb][vc_column_text css=\u00a0\u00bb\u00a0\u00bb]<span style=\"font-size: 18px;\">La r\u00e9novation int\u00e9rieure peut transformer compl\u00e8tement l\u2019aspect et le confort de votre maison. Elle permet d\u2019optimiser l\u2019espace, d\u2019am\u00e9liorer l\u2019efficacit\u00e9 \u00e9nerg\u00e9tique, d\u2019int\u00e9grer des technologies modernes, et de personnaliser l\u2019int\u00e9rieur selon vos go\u00fbts et besoins.<\/span>[\/vc_column_text][\/vc_tta_section][vc_tta_section title=\u00a0\u00bbQuels sont les \u00e9l\u00e9ments cl\u00e9s \u00e0 prendre en compte lors d\u2019une r\u00e9novation int\u00e9rieure ?\u00a0\u00bb tab_id=\u00a0\u00bb1719438568131-bfb59a9b-0695&Prime;][vc_column_text css=\u00a0\u00bb\u00a0\u00bb]<\/p>\n<div>\n<div>\n<p><span style=\"font-size: 18px;\">Il est essentiel de consid\u00e9rer la planification de l\u2019espace, le choix des mat\u00e9riaux et des finitions, la mise \u00e0 jour des syst\u00e8mes (\u00e9lectrique, plomberie, chauffage), ainsi que l\u2019harmonisation du design global avec l\u2019architecture existante de la maison.<\/span><\/p>\n<\/div>\n<div><\/div>\n<\/div>\n<p>[\/vc_column_text][\/vc_tta_section][vc_tta_section title=\u00a0\u00bbComment puis-je estimer le co\u00fbt d\u2019une r\u00e9novation int\u00e9rieure ?\u00a0\u00bb tab_id=\u00a0\u00bb1719438568133-ac3deef3-5bcd\u00a0\u00bb][vc_column_text css=\u00a0\u00bb\u00a0\u00bb]<span style=\"font-size: 18px;\">Le co\u00fbt d\u2019une r\u00e9novation int\u00e9rieure d\u00e9pend de plusieurs facteurs tels que l\u2019\u00e9tendue des travaux, la qualit\u00e9 des mat\u00e9riaux choisis, et la complexit\u00e9 du projet. Il est recommand\u00e9 de consulter des professionnels pour obtenir des estimations d\u00e9taill\u00e9es et ajust\u00e9es \u00e0 votre budget.<\/span>[\/vc_column_text][\/vc_tta_section][\/vc_tta_accordion][vc_tta_accordion style=\u00a0\u00bbflat\u00a0\u00bb shape=\u00a0\u00bbsquare\u00a0\u00bb gap=\u00a0\u00bb10&Prime; c_icon=\u00a0\u00bb\u00a0\u00bb active_section=\u00a0\u00bb0&Prime; no_fill=\u00a0\u00bbtrue\u00a0\u00bb collapsible_all=\u00a0\u00bbtrue\u00a0\u00bb][vc_tta_section title=\u00a0\u00bbQuels sont les aspects techniques \u00e0 consid\u00e9rer lors de la r\u00e9novation int\u00e9rieure de ma maison ?\u00a0\u00bb tab_id=\u00a0\u00bb1719438568135-e988b7a1-c796&Prime;][vc_column_text css=\u00a0\u00bb\u00a0\u00bb]<span style=\"font-size: 18px;\">Lors de la r\u00e9novation int\u00e9rieure, il est crucial de prendre en compte plusieurs aspects techniques tels que l\u2019\u00e9valuation et la mise \u00e0 niveau des installations \u00e9lectriques et de plomberie, l\u2019isolation thermique et acoustique, ainsi que la conformit\u00e9 aux normes de s\u00e9curit\u00e9 et de construction locales. Il est \u00e9galement recommand\u00e9 d\u2019envisager l\u2019int\u00e9gration de nouvelles technologies pour am\u00e9liorer l\u2019efficacit\u00e9 \u00e9nerg\u00e9tique et le confort quotidien.<\/span>[\/vc_column_text][\/vc_tta_section][vc_tta_section title=\u00a0\u00bbComment choisir le bon entrepreneur pour ma r\u00e9novation int\u00e9rieure ?\u00a0\u00bb tab_id=\u00a0\u00bb1719438568137-729ca033-dec3&Prime;][vc_column_text css=\u00a0\u00bb\u00a0\u00bb]<\/p>\n<div>\n<div>\n<p><span style=\"font-size: 18px;\">Il est crucial de rechercher un entrepreneur exp\u00e9riment\u00e9, poss\u00e9dant de bonnes r\u00e9f\u00e9rences et comp\u00e9tences en gestion de projet. Prenez le temps de rencontrer plusieurs entrepreneurs, de v\u00e9rifier leurs licences et assurances, et de discuter de leurs m\u00e9thodes de travail avant de prendre une d\u00e9cision finale.<\/span><\/p>\n<\/div>\n<div><\/div>\n<\/div>\n<p>[\/vc_column_text][\/vc_tta_section][\/vc_tta_accordion][vc_empty_space]\n    <h2 class=\"text-left\" >FAQ pour les travaux de fen\u00eatre de toit<\/h2>\n    \n        \t\n[vc_empty_space][\/vc_column][vc_column][vc_tta_accordion style=\u00a0\u00bbflat\u00a0\u00bb shape=\u00a0\u00bbsquare\u00a0\u00bb gap=\u00a0\u00bb10&Prime; c_icon=\u00a0\u00bb\u00a0\u00bb active_section=\u00a0\u00bb0&Prime; no_fill=\u00a0\u00bbtrue\u00a0\u00bb collapsible_all=\u00a0\u00bbtrue\u00a0\u00bb][vc_tta_section title=\u00a0\u00bbQuand devrais-je envisager de remplacer mes fen\u00eatres de toit existantes ?\u00a0\u00bb tab_id=\u00a0\u00bb1719438568142-1349b220-cab3&Prime;][vc_column_text css=\u00a0\u00bb\u00a0\u00bb]<span style=\"font-size: 18px;\">Envisagez le remplacement si vos fen\u00eatres pr\u00e9sentent des fuites, des difficult\u00e9s d\u2019ouverture\/fermeture, ou des dommages visibles.<\/span>[\/vc_column_text][\/vc_tta_section][vc_tta_section title=\u00a0\u00bbQuels sont les avantages de remplacer mes anciennes fen\u00eatres de toit par des mod\u00e8les plus r\u00e9cents ?\u00a0\u00bb tab_id=\u00a0\u00bb1719438568143-2e443d97-4c27&Prime;][vc_column_text css=\u00a0\u00bb\u00a0\u00bb]<\/p>\n<div>\n<div>\n<p><span style=\"font-size: 18px;\">Am\u00e9lioration de l\u2019isolation thermique et acoustique, r\u00e9duction des co\u00fbts de chauffage\/climatisation, et augmentation de la valeur esth\u00e9tique de votre maison.<\/span><\/p>\n<\/div>\n<div><\/div>\n<\/div>\n<p>[\/vc_column_text][\/vc_tta_section][vc_tta_section title=\u00a0\u00bbQuelles options de mat\u00e9riaux sont disponibles pour les nouvelles fen\u00eatres de toit ?\u00a0\u00bb tab_id=\u00a0\u00bb1719438568144-d54325b9-74f9&Prime;][vc_column_text css=\u00a0\u00bb\u00a0\u00bb]<span style=\"font-size: 18px;\">Nous proposons des fen\u00eatres en bois, PVC et aluminium, chacune offrant des avantages sp\u00e9cifiques en termes de durabilit\u00e9 et d\u2019isolation.<\/span>[\/vc_column_text][\/vc_tta_section][\/vc_tta_accordion][vc_tta_accordion style=\u00a0\u00bbflat\u00a0\u00bb shape=\u00a0\u00bbsquare\u00a0\u00bb gap=\u00a0\u00bb10&Prime; c_icon=\u00a0\u00bb\u00a0\u00bb active_section=\u00a0\u00bb0&Prime; no_fill=\u00a0\u00bbtrue\u00a0\u00bb collapsible_all=\u00a0\u00bbtrue\u00a0\u00bb][vc_tta_section title=\u00a0\u00bbQuels crit\u00e8res dois-je consid\u00e9rer lors du choix de nouvelles fen\u00eatres de toit ?\u00a0\u00bb tab_id=\u00a0\u00bb1719438568146-b371ad75-f9e3&Prime;][vc_column_text css=\u00a0\u00bb\u00a0\u00bb]<span style=\"font-size: 18px;\">Tenez compte de l\u2019efficacit\u00e9 \u00e9nerg\u00e9tique, des performances d\u2019isolation, de la r\u00e9sistance aux intemp\u00e9ries, et du style architectural de votre maison.<\/span>[\/vc_column_text][\/vc_tta_section][vc_tta_section title=\u00a0\u00bbComment puis-je obtenir un devis pour le remplacement de mes fen\u00eatres de toit ?\u00a0\u00bb tab_id=\u00a0\u00bb1719438568147-e30a22cf-dffe\u00a0\u00bb][vc_column_text css=\u00a0\u00bb\u00a0\u00bb]<\/p>\n<div>\n<div>\n<p><span style=\"font-size: 18px;\">Contactez-nous pour une \u00e9valuation de vos besoins. Nous vous fournirons une estimation d\u00e9taill\u00e9e et personnalis\u00e9e.<\/span><\/p>\n<\/div>\n<div><\/div>\n<\/div>\n<p>[\/vc_column_text][\/vc_tta_section][\/vc_tta_accordion][\/vc_column][\/vc_row][vc_row][vc_column][vc_empty_space][vc_btn title=\u00a0\u00bbContactez-nous\u00a0\u00bb style=\u00a0\u00bbcustom\u00a0\u00bb custom_background=\u00a0\u00bb#fcb900&Prime; custom_text=\u00a0\u00bb#ffffff\u00a0\u00bb shape=\u00a0\u00bbround\u00a0\u00bb size=\u00a0\u00bblg\u00a0\u00bb align=\u00a0\u00bbcenter\u00a0\u00bb css=\u00a0\u00bb\u00a0\u00bb link=\u00a0\u00bburl:https%3A%2F%2Fwww.ste-isolation.com%2Findex.php%2Fcontactez-nous%2F|title:Contactez-nous\u00a0\u00bb][vc_empty_space][vc_empty_space height=\u00a0\u00bb52px\u00a0\u00bb][\/vc_column][\/vc_row]<\/p>\n<\/div>","protected":false},"excerpt":{"rendered":"<p>[vc_row css=\u00a0\u00bb.vc_custom_1497501529925{padding-top: 80px !important;padding-bottom: 80px !important;}\u00a0\u00bb][vc_column][vc_empty_space height=\u00a0\u00bb82px\u00a0\u00bb][vc_empty_space][\/vc_column][vc_column][vc_tta_accordion style=\u00a0\u00bbflat\u00a0\u00bb shape=\u00a0\u00bbsquare\u00a0\u00bb gap=\u00a0\u00bb5&Prime; c_icon=\u00a0\u00bb\u00a0\u00bb active_section=\u00a0\u00bb0&Prime; no_fill=\u00a0\u00bbtrue\u00a0\u00bb collapsible_all=\u00a0\u00bbtrue\u00a0\u00bb][vc_tta_section title=\u00a0\u00bbPourquoi choisir STE pour la r\u00e9novation de ma fa\u00e7ade ?\u00a0\u00bb tab_id=\u00a0\u00bb1719424036706-e6c0f136-bdaa\u00a0\u00bb][vc_column_text css=\u00a0\u00bb\u00a0\u00bb]STE se sp\u00e9cialise dans la r\u00e9novation de fa\u00e7ades, offrant une expertise reconnue et des solutions sur mesure adapt\u00e9es \u00e0 chaque type d\u2019habitation. Nous combinons esth\u00e9tique et performance \u00e9nerg\u00e9tique pour des [&hellip;]<\/p>\n","protected":false},"author":1,"featured_media":0,"parent":0,"menu_order":0,"comment_status":"closed","ping_status":"closed","template":"page-templates\/template-fullwidth.php","meta":{"footnotes":""},"class_list":["post-1367","page","type-page","status-publish","hentry"],"yoast_head":"<!-- This site is optimized with the Yoast SEO plugin v23.0 - https:\/\/yoast.com\/wordpress\/plugins\/seo\/ -->\n<title>FAQ - STE-ISOLATION<\/title>\n<meta name=\"robots\" content=\"index, follow, max-snippet:-1, max-image-preview:large, max-video-preview:-1\" \/>\n<link rel=\"canonical\" href=\"https:\/\/www.ste-isolation.com\/index.php\/faq\/\" \/>\n<meta property=\"og:locale\" content=\"fr_FR\" \/>\n<meta property=\"og:type\" content=\"article\" \/>\n<meta property=\"og:title\" content=\"FAQ - STE-ISOLATION\" \/>\n<meta property=\"og:description\" content=\"[vc_row css=\u00a0\u00bb.vc_custom_1497501529925{padding-top: 80px !important;padding-bottom: 80px !important;}\u00a0\u00bb][vc_column][vc_empty_space height=\u00a0\u00bb82px\u00a0\u00bb][vc_empty_space][\/vc_column][vc_column][vc_tta_accordion style=\u00a0\u00bbflat\u00a0\u00bb shape=\u00a0\u00bbsquare\u00a0\u00bb gap=\u00a0\u00bb5&Prime; c_icon=\u00a0\u00bb\u00a0\u00bb active_section=\u00a0\u00bb0&Prime; no_fill=\u00a0\u00bbtrue\u00a0\u00bb collapsible_all=\u00a0\u00bbtrue\u00a0\u00bb][vc_tta_section title=\u00a0\u00bbPourquoi choisir STE pour la r\u00e9novation de ma fa\u00e7ade ?\u00a0\u00bb tab_id=\u00a0\u00bb1719424036706-e6c0f136-bdaa\u00a0\u00bb][vc_column_text css=\u00a0\u00bb\u00a0\u00bb]STE se sp\u00e9cialise dans la r\u00e9novation de fa\u00e7ades, offrant une expertise reconnue et des solutions sur mesure adapt\u00e9es \u00e0 chaque type d\u2019habitation. Nous combinons esth\u00e9tique et performance \u00e9nerg\u00e9tique pour des [&hellip;]\" \/>\n<meta property=\"og:url\" content=\"https:\/\/www.ste-isolation.com\/index.php\/faq\/\" \/>\n<meta property=\"og:site_name\" content=\"STE-ISOLATION\" \/>\n<meta property=\"article:modified_time\" content=\"2024-06-28T10:10:59+00:00\" \/>\n<meta name=\"twitter:card\" content=\"summary_large_image\" \/>\n<meta name=\"twitter:label1\" content=\"Dur\u00e9e de lecture estim\u00e9e\" \/>\n\t<meta name=\"twitter:data1\" content=\"10 minutes\" \/>\n<script type=\"application\/ld+json\" class=\"yoast-schema-graph\">{\"@context\":\"https:\/\/schema.org\",\"@graph\":[{\"@type\":\"WebPage\",\"@id\":\"https:\/\/www.ste-isolation.com\/index.php\/faq\/\",\"url\":\"https:\/\/www.ste-isolation.com\/index.php\/faq\/\",\"name\":\"FAQ - STE-ISOLATION\",\"isPartOf\":{\"@id\":\"https:\/\/www.ste-isolation.com\/#website\"},\"datePublished\":\"2024-06-26T17:01:15+00:00\",\"dateModified\":\"2024-06-28T10:10:59+00:00\",\"breadcrumb\":{\"@id\":\"https:\/\/www.ste-isolation.com\/index.php\/faq\/#breadcrumb\"},\"inLanguage\":\"fr-FR\",\"potentialAction\":[{\"@type\":\"ReadAction\",\"target\":[\"https:\/\/www.ste-isolation.com\/index.php\/faq\/\"]}]},{\"@type\":\"BreadcrumbList\",\"@id\":\"https:\/\/www.ste-isolation.com\/index.php\/faq\/#breadcrumb\",\"itemListElement\":[{\"@type\":\"ListItem\",\"position\":1,\"name\":\"Accueil\",\"item\":\"https:\/\/www.ste-isolation.com\/\"},{\"@type\":\"ListItem\",\"position\":2,\"name\":\"FAQ\"}]},{\"@type\":\"WebSite\",\"@id\":\"https:\/\/www.ste-isolation.com\/#website\",\"url\":\"https:\/\/www.ste-isolation.com\/\",\"name\":\"STE-ISOLATION\",\"description\":\"Isolation sup\u00e9rieure, vie meilleure\",\"publisher\":{\"@id\":\"https:\/\/www.ste-isolation.com\/#organization\"},\"potentialAction\":[{\"@type\":\"SearchAction\",\"target\":{\"@type\":\"EntryPoint\",\"urlTemplate\":\"https:\/\/www.ste-isolation.com\/?s={search_term_string}\"},\"query-input\":\"required name=search_term_string\"}],\"inLanguage\":\"fr-FR\"},{\"@type\":\"Organization\",\"@id\":\"https:\/\/www.ste-isolation.com\/#organization\",\"name\":\"STE-ISOLATION\",\"url\":\"https:\/\/www.ste-isolation.com\/\",\"logo\":{\"@type\":\"ImageObject\",\"inLanguage\":\"fr-FR\",\"@id\":\"https:\/\/www.ste-isolation.com\/#\/schema\/logo\/image\/\",\"url\":\"https:\/\/www.ste-isolation.com\/wp-content\/uploads\/2024\/06\/cropped-logo.jpg\",\"contentUrl\":\"https:\/\/www.ste-isolation.com\/wp-content\/uploads\/2024\/06\/cropped-logo.jpg\",\"width\":512,\"height\":512,\"caption\":\"STE-ISOLATION\"},\"image\":{\"@id\":\"https:\/\/www.ste-isolation.com\/#\/schema\/logo\/image\/\"}}]}<\/script>\n<!-- \/ Yoast SEO plugin. -->","yoast_head_json":{"title":"FAQ - STE-ISOLATION","robots":{"index":"index","follow":"follow","max-snippet":"max-snippet:-1","max-image-preview":"max-image-preview:large","max-video-preview":"max-video-preview:-1"},"canonical":"https:\/\/www.ste-isolation.com\/index.php\/faq\/","og_locale":"fr_FR","og_type":"article","og_title":"FAQ - STE-ISOLATION","og_description":"[vc_row css=\u00a0\u00bb.vc_custom_1497501529925{padding-top: 80px !important;padding-bottom: 80px !important;}\u00a0\u00bb][vc_column][vc_empty_space height=\u00a0\u00bb82px\u00a0\u00bb][vc_empty_space][\/vc_column][vc_column][vc_tta_accordion style=\u00a0\u00bbflat\u00a0\u00bb shape=\u00a0\u00bbsquare\u00a0\u00bb gap=\u00a0\u00bb5&Prime; c_icon=\u00a0\u00bb\u00a0\u00bb active_section=\u00a0\u00bb0&Prime; no_fill=\u00a0\u00bbtrue\u00a0\u00bb collapsible_all=\u00a0\u00bbtrue\u00a0\u00bb][vc_tta_section title=\u00a0\u00bbPourquoi choisir STE pour la r\u00e9novation de ma fa\u00e7ade ?\u00a0\u00bb tab_id=\u00a0\u00bb1719424036706-e6c0f136-bdaa\u00a0\u00bb][vc_column_text css=\u00a0\u00bb\u00a0\u00bb]STE se sp\u00e9cialise dans la r\u00e9novation de fa\u00e7ades, offrant une expertise reconnue et des solutions sur mesure adapt\u00e9es \u00e0 chaque type d\u2019habitation. Nous combinons esth\u00e9tique et performance \u00e9nerg\u00e9tique pour des [&hellip;]","og_url":"https:\/\/www.ste-isolation.com\/index.php\/faq\/","og_site_name":"STE-ISOLATION","article_modified_time":"2024-06-28T10:10:59+00:00","twitter_card":"summary_large_image","twitter_misc":{"Dur\u00e9e de lecture estim\u00e9e":"10 minutes"},"schema":{"@context":"https:\/\/schema.org","@graph":[{"@type":"WebPage","@id":"https:\/\/www.ste-isolation.com\/index.php\/faq\/","url":"https:\/\/www.ste-isolation.com\/index.php\/faq\/","name":"FAQ - STE-ISOLATION","isPartOf":{"@id":"https:\/\/www.ste-isolation.com\/#website"},"datePublished":"2024-06-26T17:01:15+00:00","dateModified":"2024-06-28T10:10:59+00:00","breadcrumb":{"@id":"https:\/\/www.ste-isolation.com\/index.php\/faq\/#breadcrumb"},"inLanguage":"fr-FR","potentialAction":[{"@type":"ReadAction","target":["https:\/\/www.ste-isolation.com\/index.php\/faq\/"]}]},{"@type":"BreadcrumbList","@id":"https:\/\/www.ste-isolation.com\/index.php\/faq\/#breadcrumb","itemListElement":[{"@type":"ListItem","position":1,"name":"Accueil","item":"https:\/\/www.ste-isolation.com\/"},{"@type":"ListItem","position":2,"name":"FAQ"}]},{"@type":"WebSite","@id":"https:\/\/www.ste-isolation.com\/#website","url":"https:\/\/www.ste-isolation.com\/","name":"STE-ISOLATION","description":"Isolation sup\u00e9rieure, vie meilleure","publisher":{"@id":"https:\/\/www.ste-isolation.com\/#organization"},"potentialAction":[{"@type":"SearchAction","target":{"@type":"EntryPoint","urlTemplate":"https:\/\/www.ste-isolation.com\/?s={search_term_string}"},"query-input":"required name=search_term_string"}],"inLanguage":"fr-FR"},{"@type":"Organization","@id":"https:\/\/www.ste-isolation.com\/#organization","name":"STE-ISOLATION","url":"https:\/\/www.ste-isolation.com\/","logo":{"@type":"ImageObject","inLanguage":"fr-FR","@id":"https:\/\/www.ste-isolation.com\/#\/schema\/logo\/image\/","url":"https:\/\/www.ste-isolation.com\/wp-content\/uploads\/2024\/06\/cropped-logo.jpg","contentUrl":"https:\/\/www.ste-isolation.com\/wp-content\/uploads\/2024\/06\/cropped-logo.jpg","width":512,"height":512,"caption":"STE-ISOLATION"},"image":{"@id":"https:\/\/www.ste-isolation.com\/#\/schema\/logo\/image\/"}}]}},"_links":{"self":[{"href":"https:\/\/www.ste-isolation.com\/index.php\/wp-json\/wp\/v2\/pages\/1367","targetHints":{"allow":["GET"]}}],"collection":[{"href":"https:\/\/www.ste-isolation.com\/index.php\/wp-json\/wp\/v2\/pages"}],"about":[{"href":"https:\/\/www.ste-isolation.com\/index.php\/wp-json\/wp\/v2\/types\/page"}],"author":[{"embeddable":true,"href":"https:\/\/www.ste-isolation.com\/index.php\/wp-json\/wp\/v2\/users\/1"}],"replies":[{"embeddable":true,"href":"https:\/\/www.ste-isolation.com\/index.php\/wp-json\/wp\/v2\/comments?post=1367"}],"version-history":[{"count":57,"href":"https:\/\/www.ste-isolation.com\/index.php\/wp-json\/wp\/v2\/pages\/1367\/revisions"}],"predecessor-version":[{"id":1473,"href":"https:\/\/www.ste-isolation.com\/index.php\/wp-json\/wp\/v2\/pages\/1367\/revisions\/1473"}],"wp:attachment":[{"href":"https:\/\/www.ste-isolation.com\/index.php\/wp-json\/wp\/v2\/media?parent=1367"}],"curies":[{"name":"wp","href":"https:\/\/api.w.org\/{rel}","templated":true}]}}