{"id":84,"date":"2017-06-09T04:11:57","date_gmt":"2017-06-09T04:11:57","guid":{"rendered":"http:\/\/localhost\/construct\/?page_id=84"},"modified":"2024-06-29T19:32:40","modified_gmt":"2024-06-29T17:32:40","slug":"contactez-nous","status":"publish","type":"page","link":"https:\/\/www.ste-isolation.com\/index.php\/contactez-nous\/","title":{"rendered":"Contactez-nous"},"content":{"rendered":"<div class=\"wpb-content-wrapper\"><p>[vc_row css=\u00a0\u00bb.vc_custom_1719051634865{padding-bottom: 80px !important;}\u00a0\u00bb][vc_column][vc_empty_space][\/vc_column][\/vc_row][vc_row css=\u00a0\u00bb.vc_custom_1719051634865{padding-bottom: 80px !important;}\u00a0\u00bb][vc_column][vc_custom_heading text=\u00a0\u00bbEffectuez votre devis gratuit en ligne\u00a0\u00bb font_container=\u00a0\u00bbtag:h4|font_size:30|text_align:left\u00a0\u00bb use_theme_fonts=\u00a0\u00bbyes\u00a0\u00bb css=\u00a0\u00bb.vc_custom_1719054581758{margin-bottom: 15px !important;}\u00a0\u00bb][vc_empty_space height=\u00a0\u00bb42px\u00a0\u00bb][vc_row_inner][vc_column_inner]\n<div class=\"wpcf7 no-js\" id=\"wpcf7-f1198-o1\" lang=\"fr-FR\" dir=\"ltr\">\n<div class=\"screen-reader-response\"><p role=\"status\" aria-live=\"polite\" aria-atomic=\"true\"><\/p> <ul><\/ul><\/div>\n<form action=\"\/index.php\/wp-json\/wp\/v2\/pages\/84#wpcf7-f1198-o1\" method=\"post\" class=\"wpcf7-form init\" aria-label=\"Formulaire de contact\" enctype=\"multipart\/form-data\" novalidate=\"novalidate\" data-status=\"init\">\n<div style=\"display: none;\">\n<input type=\"hidden\" name=\"_wpcf7\" value=\"1198\" \/>\n<input type=\"hidden\" name=\"_wpcf7_version\" value=\"5.9.6\" \/>\n<input type=\"hidden\" name=\"_wpcf7_locale\" value=\"fr_FR\" \/>\n<input type=\"hidden\" name=\"_wpcf7_unit_tag\" value=\"wpcf7-f1198-o1\" \/>\n<input type=\"hidden\" name=\"_wpcf7_container_post\" value=\"0\" \/>\n<input type=\"hidden\" name=\"_wpcf7_posted_data_hash\" value=\"\" \/>\n<\/div>\n<div class=\"formulaire-de-contact\">\n\t<div class=\"form-row\">\n\t\t<div class=\"form-group half-width\">\n\t\t\t<p><label for=\"name\">Nom*<br \/>\n<span class=\"wpcf7-form-control-wrap\" data-name=\"your-name\"><input size=\"40\" maxlength=\"80\" class=\"wpcf7-form-control wpcf7-text wpcf7-validates-as-required\" id=\"name\" aria-required=\"true\" aria-invalid=\"false\" placeholder=\"Nom\" value=\"\" type=\"text\" name=\"your-name\" \/><\/span><br \/>\n<\/label>\n\t\t\t<\/p>\n\t\t<\/div>\n\t\t<div class=\"form-group half-width\">\n\t\t\t<p><label for=\"prenom\">Pr\u00e9nom*<br \/>\n<span class=\"wpcf7-form-control-wrap\" data-name=\"your-first-name\"><input size=\"40\" maxlength=\"80\" class=\"wpcf7-form-control wpcf7-text wpcf7-validates-as-required\" id=\"prenom\" aria-required=\"true\" aria-invalid=\"false\" placeholder=\"Pr\u00e9nom\" value=\"\" type=\"text\" name=\"your-first-name\" \/><\/span><br \/>\n<\/label>\n\t\t\t<\/p>\n\t\t<\/div>\n\t<\/div>\n\t<div class=\"form-group full-width\">\n\t\t<p><label for=\"email\">E-mail*<br \/>\n<span class=\"wpcf7-form-control-wrap\" data-name=\"your-email\"><input size=\"40\" maxlength=\"80\" class=\"wpcf7-form-control wpcf7-email wpcf7-validates-as-required wpcf7-text wpcf7-validates-as-email\" id=\"email\" aria-required=\"true\" aria-invalid=\"false\" placeholder=\"E-mail\" value=\"\" type=\"email\" name=\"your-email\" \/><\/span><br \/>\n<\/label>\n\t\t<\/p>\n\t<\/div>\n\t<div class=\"form-group full-width\">\n\t\t<p><label for=\"adresse\">Adresse<br \/>\n<span class=\"wpcf7-form-control-wrap\" data-name=\"your-address\"><input size=\"40\" maxlength=\"80\" class=\"wpcf7-form-control wpcf7-text\" id=\"adresse\" aria-invalid=\"false\" placeholder=\"Adresse\" value=\"\" type=\"text\" name=\"your-address\" \/><\/span><br \/>\n<\/label>\n\t\t<\/p>\n\t<\/div>\n\t<div class=\"form-row\">\n\t\t<div class=\"form-group half-width\">\n\t\t\t<p><label for=\"ville\">Ville<br \/>\n<span class=\"wpcf7-form-control-wrap\" data-name=\"your-city\"><input size=\"40\" maxlength=\"80\" class=\"wpcf7-form-control wpcf7-text\" id=\"ville\" aria-invalid=\"false\" placeholder=\"Ville\" value=\"\" type=\"text\" name=\"your-city\" \/><\/span><br \/>\n<\/label>\n\t\t\t<\/p>\n\t\t<\/div>\n\t\t<div class=\"form-group half-width\">\n\t\t\t<p><label for=\"code-postal\">Code postal<br \/>\n<span class=\"wpcf7-form-control-wrap\" data-name=\"your-postal-code\"><input size=\"40\" maxlength=\"80\" class=\"wpcf7-form-control wpcf7-text\" id=\"code-postal\" aria-invalid=\"false\" placeholder=\"Code postal\" value=\"\" type=\"text\" name=\"your-postal-code\" \/><\/span><br \/>\n<\/label>\n\t\t\t<\/p>\n\t\t<\/div>\n\t<\/div>\n\t<div class=\"form-row\">\n\t\t<div class=\"form-group half-width\">\n\t\t\t<p><label for=\"telephone\">T\u00e9l\u00e9phone<br \/>\n<span class=\"wpcf7-form-control-wrap\" data-name=\"your-phone\"><input size=\"40\" maxlength=\"80\" class=\"wpcf7-form-control wpcf7-tel wpcf7-text wpcf7-validates-as-tel\" id=\"telephone\" aria-invalid=\"false\" placeholder=\"T\u00e9l\u00e9phone\" value=\"\" type=\"tel\" name=\"your-phone\" \/><\/span><br \/>\n<\/label>\n\t\t\t<\/p>\n\t\t<\/div>\n\t\t<div class=\"form-group half-width\">\n\t\t\t<p><label for=\"type\">Type de client<br \/>\n<span class=\"wpcf7-form-control-wrap\" data-name=\"your-type\"><select class=\"wpcf7-form-control wpcf7-select wpcf7-validates-as-required\" aria-required=\"true\" aria-invalid=\"false\" name=\"your-type\"><option value=\"\">&#8212;Veuillez choisir une option&#8212;<\/option><option value=\"Particulier\">Particulier<\/option><option value=\"Propri\u00e9taire occupant\">Propri\u00e9taire occupant<\/option><option value=\"Locataire\">Locataire<\/option><option value=\"Autre\">Autre<\/option><\/select><\/span><br \/>\n<\/label>\n\t\t\t<\/p>\n\t\t<\/div>\n\t<\/div>\n\t<div class=\"form-group full-width\">\n\t\t<p><label for=\"description\">Description \u00e9ventuelle des travaux<br \/>\n<span class=\"wpcf7-form-control-wrap\" data-name=\"your-description\"><textarea cols=\"40\" rows=\"10\" maxlength=\"400\" class=\"wpcf7-form-control wpcf7-textarea\" id=\"description\" aria-invalid=\"false\" placeholder=\"Description \u00e9ventuelle des travaux\" name=\"your-description\"><\/textarea><\/span><br \/>\n<\/label>\n\t\t<\/p>\n\t<\/div>\n\t<div class=\"form-group full-width\">\n\t\t<p><label for=\"photo\">Photos \u00e9ventuelles :<br \/>\n<span class=\"wpcf7-form-control-wrap\" data-name=\"your-photo\"><input size=\"40\" class=\"wpcf7-form-control wpcf7-file\" id=\"photo\" accept=\".jpg,.jpeg,.png,.pdf\" aria-invalid=\"false\" type=\"file\" name=\"your-photo\" \/><\/span><br \/>\n<\/label>\n\t\t<\/p>\n\t<\/div>\n\t<div class=\"form-group full-width\">\n\t\t<p><label for=\"horaire\">Horaire pour vous joindre<br \/>\n<span class=\"wpcf7-form-control-wrap\" data-name=\"your-time\"><select class=\"wpcf7-form-control wpcf7-select wpcf7-validates-as-required\" id=\"horaire\" aria-required=\"true\" aria-invalid=\"false\" name=\"your-time\"><option value=\"Horaire pour vous joindre\">Horaire pour vous joindre<\/option><option value=\"Matin\">Matin<\/option><option value=\"Apr\u00e8s-midi\">Apr\u00e8s-midi<\/option><option value=\"Soir\u00e9e\">Soir\u00e9e<\/option><\/select><\/span><br \/>\n<\/label>\n\t\t<\/p>\n\t<\/div>\n\t<div class=\"form-group full-width\">\n\t\t<p><span class=\"wpcf7-form-control-wrap\" data-name=\"your-acceptance\"><span class=\"wpcf7-form-control wpcf7-acceptance\"><span class=\"wpcf7-list-item\"><label><input type=\"checkbox\" name=\"your-acceptance\" value=\"1\" id=\"acceptance\" aria-invalid=\"false\" \/><span class=\"wpcf7-list-item-label\">En cochant cette case, j'accepte que mes donn\u00e9es personnelles soient utilis\u00e9es pour me recontacter dans le cadre de ma demande indiqu\u00e9e dans ce formulaire. Aucun autre traitement ne sera effectu\u00e9 avec mes informations.<\/span><\/label><\/span><\/span><\/span>\n\t\t<\/p>\n\t<\/div>\n\t<div class=\"form-group full-width\">\n\t\t<p><input class=\"wpcf7-form-control wpcf7-submit has-spinner\" type=\"submit\" value=\"Envoyer\" \/>\n\t\t<\/p>\n\t<\/div>\n<\/div><div class=\"wpcf7-response-output\" aria-hidden=\"true\"><\/div>\n<\/form>\n<\/div>\n[\/vc_column_inner][\/vc_row_inner][\/vc_column][\/vc_row][vc_row][vc_column width=\u00a0\u00bb1\/3&Prime;][vc_column_text css=\u00a0\u00bb\u00a0\u00bb]<\/p>\n<ul class=\"style-2\">\n<li class=\"address\">\n<h5><span class=\"hl\"><strong>Adresse<\/strong>:<\/span> <span data-ng-bind=\":: $ctrl.user.address\">3 avenue charles De gaulle, <\/span><span data-ng-bind=\":: $ctrl.user.zip + ' ' + $ctrl.user.city\">94470 Boissy St Leger<\/span><\/h5>\n<\/li>\n<li class=\"phone\">\n<h5><span class=\"hl\"><strong>Tel<\/strong>:<\/span> +33 7 49 04 75 62<\/h5>\n<\/li>\n<li class=\"email\">\n<h5><span class=\"hl\"><strong>E-mail<\/strong>:<\/span> ste.isolation@gmail.com<\/h5>\n<\/li>\n<\/ul>\n<p>[\/vc_column_text][\/vc_column][vc_column width=\u00a0\u00bb2\/3&Prime;][vc_gmaps link=\u00a0\u00bb#E-8_JTNDaWZyYW1lJTIwc3JjJTNEJTIyaHR0cHMlM0ElMkYlMkZ3d3cuZ29vZ2xlLmNvbSUyRm1hcHMlMkZlbWJlZCUzRnBiJTNEJTIxMW0xOCUyMTFtMTIlMjExbTMlMjExZDI2MzAuNTA3NzYxNDE2NDglMjEyZDIuNTAzMjY2MDAwMDAwMDEwNiUyMTNkNDguNzUzMDk5MDAwMDAwMDA2JTIxMm0zJTIxMWYwJTIxMmYwJTIxM2YwJTIxM20yJTIxMWkxMDI0JTIxMmk3NjglMjE0ZjEzLjElMjEzbTMlMjExbTIlMjExczB4NDdlNjBiOTgxMTlmZTQ2NSUyNTNBMHhlN2M4ZWI5ODk4ODM1MDIzJTIxMnMzJTI1MjBBdi4lMjUyMENoYXJsZXMlMjUyMGRlJTI1MjBHYXVsbGUlMjUyQyUyNTIwOTQ0NzAlMjUyMEJvaXNzeS1TYWludC1MJTI1QzMlMjVBOWdlciUyMTVlMCUyMTNtMiUyMTFzZnIlMjEyc2ZyJTIxNHYxNzE2ODAwNzA2NzU2JTIxNW0yJTIxMXNmciUyMTJzZnIlMjIlMjB3aWR0aCUzRCUyMjYwMCUyMiUyMGhlaWdodCUzRCUyMjQ1MCUyMiUyMHN0eWxlJTNEJTIyYm9yZGVyJTNBMCUzQiUyMiUyMGFsbG93ZnVsbHNjcmVlbiUzRCUyMiUyMiUyMGxvYWRpbmclM0QlMjJsYXp5JTIyJTIwcmVmZXJyZXJwb2xpY3klM0QlMjJuby1yZWZlcnJlci13aGVuLWRvd25ncmFkZSUyMiUzRSUzQyUyRmlmcmFtZSUzRQ==\u00a0\u00bb css=\u00a0\u00bb.vc_custom_1716800820497{margin-bottom: 0px !important;}\u00a0\u00bb][vc_empty_space height=\u00a0\u00bb62px\u00a0\u00bb][\/vc_column][\/vc_row]<\/p>\n<\/div>","protected":false},"excerpt":{"rendered":"<p>[vc_row css=\u00a0\u00bb.vc_custom_1719051634865{padding-bottom: 80px !important;}\u00a0\u00bb][vc_column][vc_empty_space][\/vc_column][\/vc_row][vc_row css=\u00a0\u00bb.vc_custom_1719051634865{padding-bottom: 80px !important;}\u00a0\u00bb][vc_column][vc_custom_heading text=\u00a0\u00bbEffectuez votre devis gratuit en ligne\u00a0\u00bb font_container=\u00a0\u00bbtag:h4|font_size:30|text_align:left\u00a0\u00bb use_theme_fonts=\u00a0\u00bbyes\u00a0\u00bb css=\u00a0\u00bb.vc_custom_1719054581758{margin-bottom: 15px !important;}\u00a0\u00bb][vc_empty_space height=\u00a0\u00bb42px\u00a0\u00bb][vc_row_inner][vc_column_inner][\/vc_column_inner][\/vc_row_inner][\/vc_column][\/vc_row][vc_row][vc_column width=\u00a0\u00bb1\/3&Prime;][vc_column_text css=\u00a0\u00bb\u00a0\u00bb] Adresse: 3 avenue charles De gaulle, 94470 Boissy St Leger Tel: +33 7 49 04 75 62 E-mail: ste.isolation@gmail.com [\/vc_column_text][\/vc_column][vc_column width=\u00a0\u00bb2\/3&Prime;][vc_gmaps link=\u00a0\u00bb#E-8_JTNDaWZyYW1lJTIwc3JjJTNEJTIyaHR0cHMlM0ElMkYlMkZ3d3cuZ29vZ2xlLmNvbSUyRm1hcHMlMkZlbWJlZCUzRnBiJTNEJTIxMW0xOCUyMTFtMTIlMjExbTMlMjExZDI2MzAuNTA3NzYxNDE2NDglMjEyZDIuNTAzMjY2MDAwMDAwMDEwNiUyMTNkNDguNzUzMDk5MDAwMDAwMDA2JTIxMm0zJTIxMWYwJTIxMmYwJTIxM2YwJTIxM20yJTIxMWkxMDI0JTIxMmk3NjglMjE0ZjEzLjElMjEzbTMlMjExbTIlMjExczB4NDdlNjBiOTgxMTlmZTQ2NSUyNTNBMHhlN2M4ZWI5ODk4ODM1MDIzJTIxMnMzJTI1MjBBdi4lMjUyMENoYXJsZXMlMjUyMGRlJTI1MjBHYXVsbGUlMjUyQyUyNTIwOTQ0NzAlMjUyMEJvaXNzeS1TYWludC1MJTI1QzMlMjVBOWdlciUyMTVlMCUyMTNtMiUyMTFzZnIlMjEyc2ZyJTIxNHYxNzE2ODAwNzA2NzU2JTIxNW0yJTIxMXNmciUyMTJzZnIlMjIlMjB3aWR0aCUzRCUyMjYwMCUyMiUyMGhlaWdodCUzRCUyMjQ1MCUyMiUyMHN0eWxlJTNEJTIyYm9yZGVyJTNBMCUzQiUyMiUyMGFsbG93ZnVsbHNjcmVlbiUzRCUyMiUyMiUyMGxvYWRpbmclM0QlMjJsYXp5JTIyJTIwcmVmZXJyZXJwb2xpY3klM0QlMjJuby1yZWZlcnJlci13aGVuLWRvd25ncmFkZSUyMiUzRSUzQyUyRmlmcmFtZSUzRQ==\u00a0\u00bb css=\u00a0\u00bb.vc_custom_1716800820497{margin-bottom: 0px !important;}\u00a0\u00bb][vc_empty_space height=\u00a0\u00bb62px\u00a0\u00bb][\/vc_column][\/vc_row]<\/p>\n","protected":false},"author":1,"featured_media":0,"parent":0,"menu_order":0,"comment_status":"closed","ping_status":"closed","template":"page-templates\/template-fullwidth.php","meta":{"footnotes":""},"class_list":["post-84","page","type-page","status-publish","hentry"],"yoast_head":"<!-- This site is optimized with the Yoast SEO plugin v23.0 - https:\/\/yoast.com\/wordpress\/plugins\/seo\/ -->\n<title>Contactez-nous - STE-ISOLATION<\/title>\n<meta name=\"robots\" content=\"index, follow, max-snippet:-1, max-image-preview:large, max-video-preview:-1\" \/>\n<link rel=\"canonical\" href=\"https:\/\/www.ste-isolation.com\/index.php\/contactez-nous\/\" \/>\n<meta property=\"og:locale\" content=\"fr_FR\" \/>\n<meta property=\"og:type\" content=\"article\" \/>\n<meta property=\"og:title\" content=\"Contactez-nous - STE-ISOLATION\" \/>\n<meta property=\"og:description\" content=\"[vc_row css=\u00a0\u00bb.vc_custom_1719051634865{padding-bottom: 80px !important;}\u00a0\u00bb][vc_column][vc_empty_space][\/vc_column][\/vc_row][vc_row css=\u00a0\u00bb.vc_custom_1719051634865{padding-bottom: 80px !important;}\u00a0\u00bb][vc_column][vc_custom_heading text=\u00a0\u00bbEffectuez votre devis gratuit en ligne\u00a0\u00bb font_container=\u00a0\u00bbtag:h4|font_size:30|text_align:left\u00a0\u00bb use_theme_fonts=\u00a0\u00bbyes\u00a0\u00bb css=\u00a0\u00bb.vc_custom_1719054581758{margin-bottom: 15px !important;}\u00a0\u00bb][vc_empty_space height=\u00a0\u00bb42px\u00a0\u00bb][vc_row_inner][vc_column_inner][\/vc_column_inner][\/vc_row_inner][\/vc_column][\/vc_row][vc_row][vc_column width=\u00a0\u00bb1\/3&Prime;][vc_column_text css=\u00a0\u00bb\u00a0\u00bb] Adresse: 3 avenue charles De gaulle, 94470 Boissy St Leger Tel: +33 7 49 04 75 62 E-mail: ste.isolation@gmail.com [\/vc_column_text][\/vc_column][vc_column width=\u00a0\u00bb2\/3&Prime;][vc_gmaps link=\u00a0\u00bb#E-8_JTNDaWZyYW1lJTIwc3JjJTNEJTIyaHR0cHMlM0ElMkYlMkZ3d3cuZ29vZ2xlLmNvbSUyRm1hcHMlMkZlbWJlZCUzRnBiJTNEJTIxMW0xOCUyMTFtMTIlMjExbTMlMjExZDI2MzAuNTA3NzYxNDE2NDglMjEyZDIuNTAzMjY2MDAwMDAwMDEwNiUyMTNkNDguNzUzMDk5MDAwMDAwMDA2JTIxMm0zJTIxMWYwJTIxMmYwJTIxM2YwJTIxM20yJTIxMWkxMDI0JTIxMmk3NjglMjE0ZjEzLjElMjEzbTMlMjExbTIlMjExczB4NDdlNjBiOTgxMTlmZTQ2NSUyNTNBMHhlN2M4ZWI5ODk4ODM1MDIzJTIxMnMzJTI1MjBBdi4lMjUyMENoYXJsZXMlMjUyMGRlJTI1MjBHYXVsbGUlMjUyQyUyNTIwOTQ0NzAlMjUyMEJvaXNzeS1TYWludC1MJTI1QzMlMjVBOWdlciUyMTVlMCUyMTNtMiUyMTFzZnIlMjEyc2ZyJTIxNHYxNzE2ODAwNzA2NzU2JTIxNW0yJTIxMXNmciUyMTJzZnIlMjIlMjB3aWR0aCUzRCUyMjYwMCUyMiUyMGhlaWdodCUzRCUyMjQ1MCUyMiUyMHN0eWxlJTNEJTIyYm9yZGVyJTNBMCUzQiUyMiUyMGFsbG93ZnVsbHNjcmVlbiUzRCUyMiUyMiUyMGxvYWRpbmclM0QlMjJsYXp5JTIyJTIwcmVmZXJyZXJwb2xpY3klM0QlMjJuby1yZWZlcnJlci13aGVuLWRvd25ncmFkZSUyMiUzRSUzQyUyRmlmcmFtZSUzRQ==\u00a0\u00bb css=\u00a0\u00bb.vc_custom_1716800820497{margin-bottom: 0px !important;}\u00a0\u00bb][vc_empty_space height=\u00a0\u00bb62px\u00a0\u00bb][\/vc_column][\/vc_row]\" \/>\n<meta property=\"og:url\" content=\"https:\/\/www.ste-isolation.com\/index.php\/contactez-nous\/\" \/>\n<meta property=\"og:site_name\" content=\"STE-ISOLATION\" \/>\n<meta property=\"article:modified_time\" content=\"2024-06-29T17:32:40+00:00\" \/>\n<meta name=\"twitter:card\" content=\"summary_large_image\" \/>\n<meta name=\"twitter:label1\" content=\"Dur\u00e9e de lecture estim\u00e9e\" \/>\n\t<meta name=\"twitter:data1\" content=\"1 minute\" \/>\n<script type=\"application\/ld+json\" class=\"yoast-schema-graph\">{\"@context\":\"https:\/\/schema.org\",\"@graph\":[{\"@type\":\"WebPage\",\"@id\":\"https:\/\/www.ste-isolation.com\/index.php\/contactez-nous\/\",\"url\":\"https:\/\/www.ste-isolation.com\/index.php\/contactez-nous\/\",\"name\":\"Contactez-nous - STE-ISOLATION\",\"isPartOf\":{\"@id\":\"https:\/\/www.ste-isolation.com\/#website\"},\"datePublished\":\"2017-06-09T04:11:57+00:00\",\"dateModified\":\"2024-06-29T17:32:40+00:00\",\"breadcrumb\":{\"@id\":\"https:\/\/www.ste-isolation.com\/index.php\/contactez-nous\/#breadcrumb\"},\"inLanguage\":\"fr-FR\",\"potentialAction\":[{\"@type\":\"ReadAction\",\"target\":[\"https:\/\/www.ste-isolation.com\/index.php\/contactez-nous\/\"]}]},{\"@type\":\"BreadcrumbList\",\"@id\":\"https:\/\/www.ste-isolation.com\/index.php\/contactez-nous\/#breadcrumb\",\"itemListElement\":[{\"@type\":\"ListItem\",\"position\":1,\"name\":\"Accueil\",\"item\":\"https:\/\/www.ste-isolation.com\/\"},{\"@type\":\"ListItem\",\"position\":2,\"name\":\"Contactez-nous\"}]},{\"@type\":\"WebSite\",\"@id\":\"https:\/\/www.ste-isolation.com\/#website\",\"url\":\"https:\/\/www.ste-isolation.com\/\",\"name\":\"STE-ISOLATION\",\"description\":\"Isolation sup\u00e9rieure, vie meilleure\",\"publisher\":{\"@id\":\"https:\/\/www.ste-isolation.com\/#organization\"},\"potentialAction\":[{\"@type\":\"SearchAction\",\"target\":{\"@type\":\"EntryPoint\",\"urlTemplate\":\"https:\/\/www.ste-isolation.com\/?s={search_term_string}\"},\"query-input\":\"required name=search_term_string\"}],\"inLanguage\":\"fr-FR\"},{\"@type\":\"Organization\",\"@id\":\"https:\/\/www.ste-isolation.com\/#organization\",\"name\":\"STE-ISOLATION\",\"url\":\"https:\/\/www.ste-isolation.com\/\",\"logo\":{\"@type\":\"ImageObject\",\"inLanguage\":\"fr-FR\",\"@id\":\"https:\/\/www.ste-isolation.com\/#\/schema\/logo\/image\/\",\"url\":\"https:\/\/www.ste-isolation.com\/wp-content\/uploads\/2024\/06\/cropped-logo.jpg\",\"contentUrl\":\"https:\/\/www.ste-isolation.com\/wp-content\/uploads\/2024\/06\/cropped-logo.jpg\",\"width\":512,\"height\":512,\"caption\":\"STE-ISOLATION\"},\"image\":{\"@id\":\"https:\/\/www.ste-isolation.com\/#\/schema\/logo\/image\/\"}}]}<\/script>\n<!-- \/ Yoast SEO plugin. -->","yoast_head_json":{"title":"Contactez-nous - STE-ISOLATION","robots":{"index":"index","follow":"follow","max-snippet":"max-snippet:-1","max-image-preview":"max-image-preview:large","max-video-preview":"max-video-preview:-1"},"canonical":"https:\/\/www.ste-isolation.com\/index.php\/contactez-nous\/","og_locale":"fr_FR","og_type":"article","og_title":"Contactez-nous - STE-ISOLATION","og_description":"[vc_row css=\u00a0\u00bb.vc_custom_1719051634865{padding-bottom: 80px !important;}\u00a0\u00bb][vc_column][vc_empty_space][\/vc_column][\/vc_row][vc_row css=\u00a0\u00bb.vc_custom_1719051634865{padding-bottom: 80px !important;}\u00a0\u00bb][vc_column][vc_custom_heading text=\u00a0\u00bbEffectuez votre devis gratuit en ligne\u00a0\u00bb font_container=\u00a0\u00bbtag:h4|font_size:30|text_align:left\u00a0\u00bb use_theme_fonts=\u00a0\u00bbyes\u00a0\u00bb css=\u00a0\u00bb.vc_custom_1719054581758{margin-bottom: 15px !important;}\u00a0\u00bb][vc_empty_space height=\u00a0\u00bb42px\u00a0\u00bb][vc_row_inner][vc_column_inner][\/vc_column_inner][\/vc_row_inner][\/vc_column][\/vc_row][vc_row][vc_column width=\u00a0\u00bb1\/3&Prime;][vc_column_text css=\u00a0\u00bb\u00a0\u00bb] Adresse: 3 avenue charles De gaulle, 94470 Boissy St Leger Tel: +33 7 49 04 75 62 E-mail: ste.isolation@gmail.com [\/vc_column_text][\/vc_column][vc_column width=\u00a0\u00bb2\/3&Prime;][vc_gmaps link=\u00a0\u00bb#E-8_JTNDaWZyYW1lJTIwc3JjJTNEJTIyaHR0cHMlM0ElMkYlMkZ3d3cuZ29vZ2xlLmNvbSUyRm1hcHMlMkZlbWJlZCUzRnBiJTNEJTIxMW0xOCUyMTFtMTIlMjExbTMlMjExZDI2MzAuNTA3NzYxNDE2NDglMjEyZDIuNTAzMjY2MDAwMDAwMDEwNiUyMTNkNDguNzUzMDk5MDAwMDAwMDA2JTIxMm0zJTIxMWYwJTIxMmYwJTIxM2YwJTIxM20yJTIxMWkxMDI0JTIxMmk3NjglMjE0ZjEzLjElMjEzbTMlMjExbTIlMjExczB4NDdlNjBiOTgxMTlmZTQ2NSUyNTNBMHhlN2M4ZWI5ODk4ODM1MDIzJTIxMnMzJTI1MjBBdi4lMjUyMENoYXJsZXMlMjUyMGRlJTI1MjBHYXVsbGUlMjUyQyUyNTIwOTQ0NzAlMjUyMEJvaXNzeS1TYWludC1MJTI1QzMlMjVBOWdlciUyMTVlMCUyMTNtMiUyMTFzZnIlMjEyc2ZyJTIxNHYxNzE2ODAwNzA2NzU2JTIxNW0yJTIxMXNmciUyMTJzZnIlMjIlMjB3aWR0aCUzRCUyMjYwMCUyMiUyMGhlaWdodCUzRCUyMjQ1MCUyMiUyMHN0eWxlJTNEJTIyYm9yZGVyJTNBMCUzQiUyMiUyMGFsbG93ZnVsbHNjcmVlbiUzRCUyMiUyMiUyMGxvYWRpbmclM0QlMjJsYXp5JTIyJTIwcmVmZXJyZXJwb2xpY3klM0QlMjJuby1yZWZlcnJlci13aGVuLWRvd25ncmFkZSUyMiUzRSUzQyUyRmlmcmFtZSUzRQ==\u00a0\u00bb css=\u00a0\u00bb.vc_custom_1716800820497{margin-bottom: 0px !important;}\u00a0\u00bb][vc_empty_space height=\u00a0\u00bb62px\u00a0\u00bb][\/vc_column][\/vc_row]","og_url":"https:\/\/www.ste-isolation.com\/index.php\/contactez-nous\/","og_site_name":"STE-ISOLATION","article_modified_time":"2024-06-29T17:32:40+00:00","twitter_card":"summary_large_image","twitter_misc":{"Dur\u00e9e de lecture estim\u00e9e":"1 minute"},"schema":{"@context":"https:\/\/schema.org","@graph":[{"@type":"WebPage","@id":"https:\/\/www.ste-isolation.com\/index.php\/contactez-nous\/","url":"https:\/\/www.ste-isolation.com\/index.php\/contactez-nous\/","name":"Contactez-nous - STE-ISOLATION","isPartOf":{"@id":"https:\/\/www.ste-isolation.com\/#website"},"datePublished":"2017-06-09T04:11:57+00:00","dateModified":"2024-06-29T17:32:40+00:00","breadcrumb":{"@id":"https:\/\/www.ste-isolation.com\/index.php\/contactez-nous\/#breadcrumb"},"inLanguage":"fr-FR","potentialAction":[{"@type":"ReadAction","target":["https:\/\/www.ste-isolation.com\/index.php\/contactez-nous\/"]}]},{"@type":"BreadcrumbList","@id":"https:\/\/www.ste-isolation.com\/index.php\/contactez-nous\/#breadcrumb","itemListElement":[{"@type":"ListItem","position":1,"name":"Accueil","item":"https:\/\/www.ste-isolation.com\/"},{"@type":"ListItem","position":2,"name":"Contactez-nous"}]},{"@type":"WebSite","@id":"https:\/\/www.ste-isolation.com\/#website","url":"https:\/\/www.ste-isolation.com\/","name":"STE-ISOLATION","description":"Isolation sup\u00e9rieure, vie meilleure","publisher":{"@id":"https:\/\/www.ste-isolation.com\/#organization"},"potentialAction":[{"@type":"SearchAction","target":{"@type":"EntryPoint","urlTemplate":"https:\/\/www.ste-isolation.com\/?s={search_term_string}"},"query-input":"required name=search_term_string"}],"inLanguage":"fr-FR"},{"@type":"Organization","@id":"https:\/\/www.ste-isolation.com\/#organization","name":"STE-ISOLATION","url":"https:\/\/www.ste-isolation.com\/","logo":{"@type":"ImageObject","inLanguage":"fr-FR","@id":"https:\/\/www.ste-isolation.com\/#\/schema\/logo\/image\/","url":"https:\/\/www.ste-isolation.com\/wp-content\/uploads\/2024\/06\/cropped-logo.jpg","contentUrl":"https:\/\/www.ste-isolation.com\/wp-content\/uploads\/2024\/06\/cropped-logo.jpg","width":512,"height":512,"caption":"STE-ISOLATION"},"image":{"@id":"https:\/\/www.ste-isolation.com\/#\/schema\/logo\/image\/"}}]}},"_links":{"self":[{"href":"https:\/\/www.ste-isolation.com\/index.php\/wp-json\/wp\/v2\/pages\/84","targetHints":{"allow":["GET"]}}],"collection":[{"href":"https:\/\/www.ste-isolation.com\/index.php\/wp-json\/wp\/v2\/pages"}],"about":[{"href":"https:\/\/www.ste-isolation.com\/index.php\/wp-json\/wp\/v2\/types\/page"}],"author":[{"embeddable":true,"href":"https:\/\/www.ste-isolation.com\/index.php\/wp-json\/wp\/v2\/users\/1"}],"replies":[{"embeddable":true,"href":"https:\/\/www.ste-isolation.com\/index.php\/wp-json\/wp\/v2\/comments?post=84"}],"version-history":[{"count":28,"href":"https:\/\/www.ste-isolation.com\/index.php\/wp-json\/wp\/v2\/pages\/84\/revisions"}],"predecessor-version":[{"id":1309,"href":"https:\/\/www.ste-isolation.com\/index.php\/wp-json\/wp\/v2\/pages\/84\/revisions\/1309"}],"wp:attachment":[{"href":"https:\/\/www.ste-isolation.com\/index.php\/wp-json\/wp\/v2\/media?parent=84"}],"curies":[{"name":"wp","href":"https:\/\/api.w.org\/{rel}","templated":true}]}}